{"id":5005,"date":"2013-11-12T20:41:54","date_gmt":"2013-11-12T19:41:54","guid":{"rendered":"http:\/\/www.stabiag.ch\/platzbuchung\/?page_id=5005"},"modified":"2023-10-12T13:16:55","modified_gmt":"2023-10-12T11:16:55","slug":"beschrieb","status":"publish","type":"page","link":"https:\/\/www.stabiag.ch\/platzbuchung\/?page_id=5005","title":{"rendered":"Beschrieb"},"content":{"rendered":"<div class=\"hr_shadow\">&nbsp;<\/div><div class=\"one_half\"><h3>Nebenplatz 58 x 90<\/h3>\n<h6>(Platz Nr. 4 + Nr. 3)<\/h6>\n<p class=\"message_green\" style=\"font-size:13px;\">\nTraining 90 Minuten \u00bd Platz <strong>CHF 140.-<\/strong>\n\nTraining 90 Minuten ganzer Platz <strong>CHF 230.-<\/strong>\n\nMatch ohne Licht <strong>CHF 310.-<\/strong>\n\nMatch mit Licht <strong>CHF 340.-<\/strong>\n\n<strong>(inkl. MWSt)<\/strong>\n\n<\/p><br class=\"clear\" \/><\/div><div class=\"one_half_last\"><h3>Stadion 64 x 100<\/h3>\n<h6>(Platz Nr. 2 + Nr. 1)<\/h6>\n<p class=\"message_green\" style=\"font-size:13px;\">\nTraining 90 Minuten \u00bd Platz <strong>CHF 160.-<\/strong>\n\nTraining 90 Minuten ganzer Platz <strong>CHF 270.-<\/strong>\n\nMatch ohne Licht <strong>CHF 380.-<\/strong>\n\nMatch mit Licht <strong>CHF 410.-<\/strong>\n\n<strong>(inkl. MWSt)<\/strong>\n<\/p><br class=\"clear\" \/><\/div><br class=\"clear\" \/><h3>Achtung!<\/h3>\n<p><strong>Reservationen f\u00fcr Trainings k\u00f6nnen aus organisatorischen Gr\u00fcnden NICHT f\u00fcr Spiele angewendet werden!<br \/>\n<\/strong><\/p>\n<h3>Match:<\/h3>\n<p><strong>Die gesamte Mietdauer betr\u00e4gt 135 Minuten. Darin eingeschlossen sind auch eine halbe Stunde Einlaufen vor dem Spiel und 15 Minuten Auslaufen nach dem Spiel.<br \/>\n<span style=\"color: #cc0000;\">Der Mieter ist gebeten, den Spielbeginn (Anspiel) entsprechend im Clubcorner erfassen.<\/span><br \/>\n<\/strong><\/p>\n<div class=\"one_half\"><h3>Bl\u00f6cke Nebenplatz f\u00fcr Match:<\/h3>\n<p>\u2022 09:00 bis 11:30 \u2013 Anspiel 09:30<br \/>\n\u2022 11:30 bis 14:00 &#8211; Anspiel 12:00<br \/>\n\u2022 14:00 bis 16:30 &#8211; Anspiel 14:30<br \/>\n\u2022 16:30 bis 19:00 &#8211; Anspiel 17:00<br \/>\n\u2022 19:00 bis 21:30 &#8211; Anspiel 19:30<\/p>\n<\/div><div class=\"one_half_last\"><h3>Bl\u00f6cke Hauptfeld f\u00fcr Match:<\/h3>\n<p>\u2022 09:15 bis 11:45 &#8211; Anspiel 09:45<br \/>\n\u2022 11:45 bis 14:15 &#8211; Anspiel 12:15<br \/>\n\u2022 14:15 bis 16:45 &#8211; Anspiel 14:45<br \/>\n\u2022 16:45 bis 19:15 &#8211; Anspiel 17:15<br \/>\n\u2022 19:15 bis 21:45 &#8211; Anspiel 19:45<\/p>\n<\/div><br class=\"clear\" \/><div class=\"hr_shadow\">&nbsp;<\/div><div class=\"one_fourth\"><h3>Platz Nr. 4<\/h3>\n<h6>(Seite gegen Geb\u00e4ude Riedo)<\/h6>\n<div class=\"modern_img_frame modern_four_col_large\"><div class=\"modern_preload_four_col_large\"><div class=\"attachment-fadeIn\"><img src='https:\/\/www.stabiag.ch\/platzbuchung\/wp-content\/uploads\/2013\/11\/01-1.jpg' alt='' \/><\/div><\/div><\/div><!-- end img_frame --><table style=\"font-size: 10px; font-family: 'Arial', Arial, sans-serif; line-height: 10px; margin: 0px; padding: 0px;\" border=\"0\" cellspacing=\"0\" cellpadding=\"0\">\n<tbody>\n<tr>\n<td width=\"120\">Kategorie<\/td>\n<td width=\"80\">Nebenplatz<\/td>\n<\/tr>\n<tr>\n<td width=\"100\">Belag<\/td>\n<td width=\"60\">KR EN-15330-zertifiziert<\/td>\n<\/tr>\n<tr>\n<td width=\"100\">Masse (L\u00e4nge\/Breite)<\/td>\n<td width=\"60\">58\/45<\/td>\n<\/tr>\n<tr>\n<td width=\"100\">Berechtigt<\/td>\n<td width=\"60\">2. Liga<\/td>\n<\/tr>\n<tr>\n<td width=\"100\">Erstellungsjahr<\/td>\n<td width=\"60\">2006<\/td>\n<\/tr>\n<tr>\n<td width=\"100\"><strong>Beleuchtung<\/strong><\/td>\n<\/tr>\n<tr>\n<td width=\"100\">LUX horizontal<\/td>\n<td width=\"60\">119<\/td>\n<\/tr>\n<tr>\n<td width=\"100\">Gleichm\u00e4ssigkeit<\/td>\n<td width=\"60\">2.2<\/td>\n<\/tr>\n<\/tbody>\n<\/table>\n<\/div><div class=\"one_fourth\"><h3>Platz Nr. 3<\/h3>\n<h6>(Seite gegen Stadion)<\/h6>\n<div class=\"modern_img_frame modern_four_col_large\"><div class=\"modern_preload_four_col_large\"><div class=\"attachment-fadeIn\"><img src='https:\/\/www.stabiag.ch\/platzbuchung\/wp-content\/uploads\/2013\/11\/02-1.jpg' alt='' \/><\/div><\/div><\/div><!-- end img_frame --><table style=\"font-size: 10px; font-family: 'Arial', Arial, sans-serif; line-height: 10px; margin: 0px; padding: 0px;\" border=\"0\" cellspacing=\"0\" cellpadding=\"0\">\n<tbody>\n<tr>\n<td width=\"120\">Kategorie<\/td>\n<td width=\"80\">Nebenplatz<\/td>\n<\/tr>\n<tr>\n<td width=\"100\">Belag<\/td>\n<td width=\"60\">KR EN-15330-zertifiziert<\/td>\n<\/tr>\n<tr>\n<td width=\"100\">Masse (L\u00e4nge\/Breite)<\/td>\n<td width=\"60\">58\/45<\/td>\n<\/tr>\n<tr>\n<td width=\"100\">Berechtigt<\/td>\n<td width=\"60\">2. Liga<\/td>\n<\/tr>\n<tr>\n<td width=\"100\">Erstellungsjahr<\/td>\n<td width=\"60\">2006<\/td>\n<\/tr>\n<tr>\n<td width=\"100\"><strong>Beleuchtung<\/strong><\/td>\n<\/tr>\n<tr>\n<td width=\"100\">LUX horizontal<\/td>\n<td width=\"60\">119<\/td>\n<\/tr>\n<tr>\n<td width=\"100\">Gleichm\u00e4ssigkeit<\/td>\n<td width=\"60\">2.2<\/td>\n<\/tr>\n<\/tbody>\n<\/table>\n<\/div><div class=\"one_fourth\"><h3>Platz Nr. 2<\/h3>\n<h6>(Seite gegen Nebenplatz)<\/h6>\n<div class=\"modern_img_frame modern_four_col_large\"><div class=\"modern_preload_four_col_large\"><div class=\"attachment-fadeIn\"><img src='https:\/\/www.stabiag.ch\/platzbuchung\/wp-content\/uploads\/2013\/11\/03-2.jpg' alt='' \/><\/div><\/div><\/div><!-- end img_frame --><table style=\"font-size: 10px; font-family: 'Arial', Arial, sans-serif; line-height: 10px; margin: 0px; padding: 0px;\" border=\"0\" cellspacing=\"0\" cellpadding=\"0\">\n<tbody>\n<tr>\n<td width=\"120\">Kategorie<\/td>\n<td width=\"80\">Stadion<\/td>\n<\/tr>\n<tr>\n<td width=\"100\">Belag<\/td>\n<td width=\"60\">Kunstrasen<\/td>\n<\/tr>\n<tr>\n<td width=\"100\">Masse (L\u00e4nge\/Breite)<\/td>\n<td width=\"60\">64\/50<\/td>\n<\/tr>\n<tr>\n<td width=\"100\">Berechtigt<\/td>\n<td width=\"60\">1. Liga<\/td>\n<\/tr>\n<tr>\n<td width=\"100\">Erstellungsjahr<\/td>\n<td width=\"60\">2013<\/td>\n<\/tr>\n<tr>\n<td width=\"100\"><strong>Beleuchtung<\/strong><\/td>\n<\/tr>\n<tr>\n<td width=\"100\">LUX horizontal<\/td>\n<td width=\"60\">292<\/td>\n<\/tr>\n<tr>\n<td width=\"100\">Gleichm\u00e4ssigkeit<\/td>\n<td width=\"60\">0.29<\/td>\n<\/tr>\n<\/tbody>\n<\/table>\n<\/div><div class=\"one_fourth_last\"><h3>Platz Nr. 1<\/h3>\n<h6>(Seite gegen Wald)<\/h6>\n<div class=\"modern_img_frame modern_four_col_large\"><div class=\"modern_preload_four_col_large\"><div class=\"attachment-fadeIn\"><img src='https:\/\/www.stabiag.ch\/platzbuchung\/wp-content\/uploads\/2013\/11\/04-1.jpg' alt='' \/><\/div><\/div><\/div><!-- end img_frame --><table style=\"font-size: 10px; font-family: 'Arial', Arial, sans-serif; line-height: 10px; margin: 0px; padding: 0px;\" border=\"0\" cellspacing=\"0\" cellpadding=\"0\">\n<tbody>\n<tr>\n<td width=\"120\">Kategorie<\/td>\n<td width=\"80\">Stadion<\/td>\n<\/tr>\n<tr>\n<td width=\"100\">Belag<\/td>\n<td width=\"60\">Kunstrasen<\/td>\n<\/tr>\n<tr>\n<td width=\"100\">Masse (L\u00e4nge\/Breite)<\/td>\n<td width=\"60\">64\/50<\/td>\n<\/tr>\n<tr>\n<td width=\"100\">Berechtigt<\/td>\n<td width=\"60\">1. Liga<\/td>\n<\/tr>\n<tr>\n<td width=\"100\">Erstellungsjahr<\/td>\n<td width=\"60\">2013<\/td>\n<\/tr>\n<tr>\n<td width=\"100\"><strong>Beleuchtung<\/strong><\/td>\n<\/tr>\n<tr>\n<td width=\"100\">LUX horizontal<\/td>\n<td width=\"60\">292<\/td>\n<\/tr>\n<tr>\n<td width=\"100\">Gleichm\u00e4ssigkeit<\/td>\n<td width=\"60\">0.29<\/td>\n<\/tr>\n<\/tbody>\n<\/table>\n<\/div><br class=\"clear\" \/><div class=\"hr_shadow\">&nbsp;<\/div><div class=\"one_half\"><h3>Der Vermieter<\/h3>\n<p>\u2022 Stellt Infrastruktur zur Verf\u00fcgung (inkl. Garderobe).<br \/>\n\u2022 Liefert f\u00fcr Spiele den Pausentee.<br \/>\n\u2022 Kann einzelne Anl\u00e4sse witterungsbedingt (Eis, Schnee) absagen.<\/p>\n<\/div><div class=\"one_half_last\"><h3>Der Mieter<\/h3>\n<p>\u2022 Regelt die Geb\u00fchr entweder im Voraus oder mit Barzahlung vor dem Anlass.<br \/>\n\u2022 H\u00e4lt sich genau an die vereinbarten Zeiten.<br \/>\n\u2022 Achtet auf die Regeln: Keine Stollenschuhe! Kein Rauchzeug!<br \/>\n\u2022 Besorgt selber allf\u00e4llige Eintr\u00e4ge im Clubcorner.<br \/>\n\u2022 Bringt sein eigenes Material mit (auch B\u00e4lle und Matchball f\u00fcr Spiel).<\/p>\n<\/div><br class=\"clear\" \/><div class=\"hr_shadow\">&nbsp;<\/div>","protected":false},"excerpt":{"rendered":"<p>Reservationen f\u00fcr Trainings k\u00f6nnen aus organisatorischen Gr\u00fcnden NICHT f\u00fcr Spiele angewendet werden!<\/p>\n<p>Die gesamte Mietdauer betr\u00e4gt 135 Minuten. Darin eingeschlossen sind auch eine halbe Stunde Einlaufen vor dem Spiel und 15 Minuten Auslaufen nach dem Spiel.<br \/>\nDer Mieter ist gebeten, den Spielbeginn (Anspiel) entsprechend im Clubcorner erfassen.<\/p>\n","protected":false},"author":1,"featured_media":0,"parent":0,"menu_order":0,"comment_status":"open","ping_status":"open","template":"","meta":[],"_links":{"self":[{"href":"https:\/\/www.stabiag.ch\/platzbuchung\/index.php?rest_route=\/wp\/v2\/pages\/5005"}],"collection":[{"href":"https:\/\/www.stabiag.ch\/platzbuchung\/index.php?rest_route=\/wp\/v2\/pages"}],"about":[{"href":"https:\/\/www.stabiag.ch\/platzbuchung\/index.php?rest_route=\/wp\/v2\/types\/page"}],"author":[{"embeddable":true,"href":"https:\/\/www.stabiag.ch\/platzbuchung\/index.php?rest_route=\/wp\/v2\/users\/1"}],"replies":[{"embeddable":true,"href":"https:\/\/www.stabiag.ch\/platzbuchung\/index.php?rest_route=%2Fwp%2Fv2%2Fcomments&post=5005"}],"version-history":[{"count":117,"href":"https:\/\/www.stabiag.ch\/platzbuchung\/index.php?rest_route=\/wp\/v2\/pages\/5005\/revisions"}],"predecessor-version":[{"id":8329,"href":"https:\/\/www.stabiag.ch\/platzbuchung\/index.php?rest_route=\/wp\/v2\/pages\/5005\/revisions\/8329"}],"wp:attachment":[{"href":"https:\/\/www.stabiag.ch\/platzbuchung\/index.php?rest_route=%2Fwp%2Fv2%2Fmedia&parent=5005"}],"curies":[{"name":"wp","href":"https:\/\/api.w.org\/{rel}","templated":true}]}}